{"id":3,"date":"2024-11-13T18:46:15","date_gmt":"2024-11-13T17:46:15","guid":{"rendered":"https:\/\/chinago.pl\/shop\/?page_id=3"},"modified":"2024-12-10T16:47:33","modified_gmt":"2024-12-10T15:47:33","slug":"polityka-prywatnosci","status":"publish","type":"page","link":"https:\/\/chinago.pl\/shop\/polityka-prywatnosci\/","title":{"rendered":"Polityka prywatno\u015bci"},"content":{"rendered":"<p>W zwi\u0105zku z wej\u015bciem w \u017cycie nowej ustawy o ochronie danych osobowych z dniem 25.05.2018, nasza polityka prywatno\u015bci ulega zmianie.<\/p><h3 class=\"wp-block-heading\"><strong>I. Informacje og\u00f3lne<\/strong><\/h3><ol class=\"wp-block-list\"><li><strong>W\u0142a\u015bciciel serwisu:<\/strong><br>W\u0142a\u015bcicielem serwisu www.chinago.pl jest BLUESUITCASE Sp. z o.o. z siedzib\u0105 w Krakowie przy ul. Josepha Conrada 51, NIP: 6772453064.<\/li>\n\n<li><strong>Zbieranie danych:<\/strong><br>Serwis www.chinago.pl zbiera informacje podane przez u\u017cytkownik\u00f3w w formularzu kontaktowym, gromadz\u0105c logi serwerowe przez firm\u0119 hostingow\u0105 oraz zapisuj\u0105c w urz\u0105dzeniach u\u017cytkownik\u00f3w pliki cookies.<\/li>\n\n<li><strong>Dane o po\u0142\u0105czeniu:<\/strong><br>Serwis mo\u017ce zapisywa\u0107 dane o po\u0142\u0105czeniu, takie jak adres IP oraz czas po\u0142\u0105czenia.<\/li><\/ol><h3 class=\"wp-block-heading\"><strong>II. Informacje o przetwarzaniu danych<\/strong><\/h3><ol class=\"wp-block-list\"><li><strong>Administrator danych:<\/strong><br>Administratorem Twoich danych jest BLUESUITCASE Sp. z o.o. z siedzib\u0105 przy ul. Josepha Conrada 51, 31-157 Krak\u00f3w.<\/li>\n\n<li><strong>Rodzaje zbieranych danych:<\/strong><br>Firma BLUESUITCASE Sp. z o.o. mo\u017ce poprosi\u0107 Klient\u00f3w o nast\u0119puj\u0105ce dane:<\/li><\/ol><ul class=\"wp-block-list\"><li>Imi\u0119 i nazwisko;<\/li>\n\n<li>Nazwa firmy;<\/li>\n\n<li>Ulica oraz numer domu i lokalu;<\/li>\n\n<li>Kod pocztowy oraz miejscowo\u015b\u0107;<\/li>\n\n<li>E-mail oraz numer telefonu;<\/li>\n\n<li>Numery NIP oraz REGON.<\/li><\/ul><ol class=\"wp-block-list\"><li><strong>Cele przetwarzania danych:<\/strong><br>Firma BlueSuitcase Sp. z o.o. przetwarza dane jedynie w celach:<\/li><\/ol><ul class=\"wp-block-list\"><li>Fakturowania;<\/li>\n\n<li>Kontakt\u00f3w handlowych;<\/li>\n\n<li>Realizacji zam\u00f3wie\u0144;<\/li>\n\n<li>Przedstawiania ofert handlowych;<\/li>\n\n<li>Rozpatrywania reklamacji.<\/li><\/ul><ol class=\"wp-block-list\"><li><strong>Bezpiecze\u0144stwo danych:<\/strong><br>W trosce o bezpiecze\u0144stwo powierzonych informacji zosta\u0142y opracowane wewn\u0119trzne procedury maj\u0105ce na celu zabezpieczenie ich przed wyciekiem.<\/li>\n\n<li><strong>Przekazywanie danych:<\/strong><br>Administrator w celu wywi\u0105zania si\u0119 z zawartej umowy ma prawo przekaza\u0107 do innych odbiorc\u00f3w powierzone dane w dw\u00f3ch przypadkach:<\/li><\/ol><ul class=\"wp-block-list\"><li>Firmie spedycyjnej, w celu dostarczenia produkt\u00f3w pod wskazany adres;<\/li>\n\n<li>Dystrybutorom produkt\u00f3w, w celu bezpo\u015bredniego dostarczenia produkt\u00f3w pod wskazany adres.<\/li><\/ul><ol class=\"wp-block-list\"><li><strong>Dobrowolno\u015b\u0107 danych:<\/strong><br>Wszystkie dane podawane przez Klienta s\u0105 dobrowolne, jednak ich brak uniemo\u017cliwia nawi\u0105zanie wsp\u00f3\u0142pracy z Administratorem.<\/li>\n\n<li><strong>Prawa u\u017cytkownika:<\/strong><br>Administrator umo\u017cliwia Klientowi dost\u0119p do danych osobowych, a tak\u017ce ich sprostowanie, usuni\u0119cie, przeniesienie oraz wycofanie zgody na ich przetwarzanie. W przypadku wycofania zgody dane nie mog\u0105 by\u0107 nadal przetwarzane przez Administratora.<\/li><\/ol><h3 class=\"wp-block-heading\"><strong>III. Informacje o plikach cookies<\/strong><\/h3><ol class=\"wp-block-list\"><li><strong>Automatyczne zbieranie danych:<\/strong><br>Serwis nie zbiera w spos\u00f3b automatyczny \u017cadnych informacji, z wyj\u0105tkiem informacji zawartych w plikach cookies.<\/li>\n\n<li><strong>Czym s\u0105 pliki cookies:<\/strong><br>Pliki cookies (tzw. \u201eciasteczka\u201d) to dane informatyczne, w szczeg\u00f3lno\u015bci pliki tekstowe, kt\u00f3re przechowywane s\u0105 w urz\u0105dzeniu ko\u0144cowym U\u017cytkownika Serwisu. Cookies zawieraj\u0105 zazwyczaj nazw\u0119 strony internetowej, z kt\u00f3rej pochodz\u0105, czas przechowywania ich na urz\u0105dzeniu ko\u0144cowym oraz unikalny numer.<\/li>\n\n<li><strong>Operator plik\u00f3w cookies:<\/strong><br>Podmiotem zamieszczaj\u0105cym na urz\u0105dzeniu ko\u0144cowym U\u017cytkownika Serwisu pliki cookies oraz uzyskuj\u0105cym do nich dost\u0119p jest operator Serwisu www.chinago.pl z siedzib\u0105 przy ul. Szlachtowskiego 12B, 30-132 Krak\u00f3w.<\/li>\n\n<li><strong>Zastosowanie plik\u00f3w cookies:<\/strong><br>Pliki cookies wykorzystywane s\u0105 w celu:<\/li><\/ol><ul class=\"wp-block-list\"><li>Dostosowania zawarto\u015bci stron internetowych Serwisu do preferencji U\u017cytkownika oraz optymalizacji korzystania ze stron internetowych. Dzi\u0119ki nim mo\u017cliwe jest rozpoznanie urz\u0105dzenia U\u017cytkownika i odpowiednie wy\u015bwietlenie strony internetowej, dostosowanej do jego indywidualnych potrzeb.<\/li>\n\n<li>Tworzenia statystyk, kt\u00f3re pomagaj\u0105 zrozumie\u0107, w jaki spos\u00f3b U\u017cytkownicy korzystaj\u0105 ze stron internetowych Serwisu, co umo\u017cliwia ulepszanie ich struktury i zawarto\u015bci.<\/li><\/ul><ol class=\"wp-block-list\"><li><strong>Rodzaje plik\u00f3w cookies:<\/strong><br>W ramach Serwisu stosowane s\u0105 dwa zasadnicze rodzaje plik\u00f3w cookies:<\/li><\/ol><ul class=\"wp-block-list\"><li><strong>Cookies sesyjne:<\/strong> Tymczasowe pliki, kt\u00f3re przechowywane s\u0105 w urz\u0105dzeniu ko\u0144cowym U\u017cytkownika do czasu wylogowania, opuszczenia strony internetowej lub wy\u0142\u0105czenia przegl\u0105darki internetowej.<\/li>\n\n<li><strong>Cookies sta\u0142e:<\/strong> Przechowywane s\u0105 w urz\u0105dzeniu ko\u0144cowym U\u017cytkownika przez czas okre\u015blony w parametrach plik\u00f3w cookies lub do czasu ich usuni\u0119cia przez U\u017cytkownika.<\/li><\/ul><ol class=\"wp-block-list\"><li><strong>Rodzaje cookies stosowane w Serwisie:<\/strong><\/li><\/ol><ul class=\"wp-block-list\"><li><strong>Niezb\u0119dne pliki cookies:<\/strong> Umo\u017cliwiaj\u0105 korzystanie z us\u0142ug dost\u0119pnych w ramach Serwisu, np. uwierzytelniaj\u0105ce pliki cookies wykorzystywane do us\u0142ug wymagaj\u0105cych uwierzytelniania w ramach Serwisu.<\/li>\n\n<li><strong>Pliki cookies s\u0142u\u017c\u0105ce do zapewnienia bezpiecze\u0144stwa:<\/strong> Wykorzystywane do wykrywania nadu\u017cy\u0107 w zakresie uwierzytelniania w ramach Serwisu.<\/li>\n\n<li><strong>Wydajno\u015bciowe pliki cookies:<\/strong> Umo\u017cliwiaj\u0105 zbieranie informacji o sposobie korzystania ze stron internetowych Serwisu.<\/li>\n\n<li><strong>Funkcjonalne pliki cookies:<\/strong> Umo\u017cliwiaj\u0105 \u201ezapami\u0119tanie\u201d wybranych przez U\u017cytkownika ustawie\u0144 i personalizacj\u0119 interfejsu U\u017cytkownika, np. wybrany j\u0119zyk, rozmiar czcionki, wygl\u0105d strony itp.<\/li>\n\n<li><strong>Reklamowe pliki cookies:<\/strong> Umo\u017cliwiaj\u0105 dostarczanie tre\u015bci reklamowych bardziej dostosowanych do zainteresowa\u0144 U\u017cytkownika.<\/li><\/ul><ol class=\"wp-block-list\"><li><strong>Zmiana ustawie\u0144 cookies:<\/strong><br>W wielu przypadkach oprogramowanie do przegl\u0105dania stron internetowych (przegl\u0105darka internetowa) domy\u015blnie dopuszcza przechowywanie plik\u00f3w cookies w urz\u0105dzeniu ko\u0144cowym U\u017cytkownika. U\u017cytkownicy Serwisu mog\u0105 w dowolnym momencie zmieni\u0107 ustawienia dotycz\u0105ce plik\u00f3w cookies, blokuj\u0105c automatyczn\u0105 obs\u0142ug\u0119 cookies lub informuj\u0105c o ka\u017cdym przypadku ich zamieszczenia w urz\u0105dzeniu U\u017cytkownika. Szczeg\u00f3\u0142owe informacje dost\u0119pne s\u0105 w ustawieniach przegl\u0105darki.<\/li>\n\n<li><strong>Ograniczenia w stosowaniu cookies:<\/strong><br>Ograniczenia stosowania plik\u00f3w cookies mog\u0105 wp\u0142yn\u0105\u0107 na niekt\u00f3re funkcjonalno\u015bci dost\u0119pne na stronach internetowych Serwisu.<\/li>\n\n<li><strong>Cookies od partner\u00f3w i reklamodawc\u00f3w:<\/strong><br>Pliki cookies mog\u0105 by\u0107 r\u00f3wnie\u017c zamieszczane w urz\u0105dzeniu ko\u0144cowym U\u017cytkownika Serwisu przez wsp\u00f3\u0142pracuj\u0105cych z operatorem Serwisu reklamodawc\u00f3w oraz partner\u00f3w.<\/li>\n\n<li><strong>Dodatkowe informacje:<\/strong><br>Wi\u0119cej informacji na temat plik\u00f3w cookies dost\u0119pnych jest w sekcji \u201ePomoc\u201d w menu przegl\u0105darki internetowej.<\/li><\/ol>","protected":false},"excerpt":{"rendered":"<p>W zwi\u0105zku z wej\u015bciem w \u017cycie nowej ustawy o ochronie danych osobowych z dniem 25.05.2018, nasza polityka prywatno\u015bci ulega zmianie. I. Informacje og\u00f3lne II. Informacje o przetwarzaniu danych III. Informacje o plikach cookies<\/p>\n","protected":false},"author":1,"featured_media":0,"parent":0,"menu_order":0,"comment_status":"closed","ping_status":"closed","template":"","meta":{"footnotes":""},"class_list":["post-3","page","type-page","status-publish","hentry"],"yoast_head":"<!-- This site is optimized with the Yoast SEO plugin v24.0 - https:\/\/yoast.com\/wordpress\/plugins\/seo\/ -->\n<title>Polityka prywatno\u015bci - ChinaGo \u2013 sklep internetowy z us\u0142ugami importu z Chin<\/title>\n<meta name=\"description\" content=\"Przeczytaj nasz\u0105 polityk\u0119 prywatno\u015bci, aby dowiedzie\u0107 si\u0119, jak chronimy Twoje dane osobowe i jakie informacje zbieramy podczas korzystania z naszej strony. Zapewniamy pe\u0142n\u0105 transparentno\u015b\u0107 i przestrzegamy przepis\u00f3w o ochronie prywatno\u015bci. Zapoznaj si\u0119 z naszymi zasadami dotycz\u0105cymi gromadzenia, przechowywania i wykorzystywania danych.\" \/>\n<meta name=\"robots\" content=\"index, follow, max-snippet:-1, max-image-preview:large, max-video-preview:-1\" \/>\n<link rel=\"canonical\" href=\"https:\/\/chinago.pl\/shop\/polityka-prywatnosci\/\" \/>\n<meta property=\"og:locale\" content=\"pl_PL\" \/>\n<meta property=\"og:type\" content=\"article\" \/>\n<meta property=\"og:title\" content=\"Polityka prywatno\u015bci - ChinaGo \u2013 sklep internetowy z us\u0142ugami importu z Chin\" \/>\n<meta property=\"og:description\" content=\"Przeczytaj nasz\u0105 polityk\u0119 prywatno\u015bci, aby dowiedzie\u0107 si\u0119, jak chronimy Twoje dane osobowe i jakie informacje zbieramy podczas korzystania z naszej strony. Zapewniamy pe\u0142n\u0105 transparentno\u015b\u0107 i przestrzegamy przepis\u00f3w o ochronie prywatno\u015bci. Zapoznaj si\u0119 z naszymi zasadami dotycz\u0105cymi gromadzenia, przechowywania i wykorzystywania danych.\" \/>\n<meta property=\"og:url\" content=\"https:\/\/chinago.pl\/shop\/polityka-prywatnosci\/\" \/>\n<meta property=\"og:site_name\" content=\"ChinaGo \u2013 sklep internetowy z us\u0142ugami importu z Chin\" \/>\n<meta property=\"article:modified_time\" content=\"2024-12-10T15:47:33+00:00\" \/>\n<meta name=\"twitter:card\" content=\"summary_large_image\" \/>\n<meta name=\"twitter:label1\" content=\"Szacowany czas czytania\" \/>\n\t<meta name=\"twitter:data1\" content=\"5 minut\" \/>\n<script type=\"application\/ld+json\" class=\"yoast-schema-graph\">{\"@context\":\"https:\/\/schema.org\",\"@graph\":[{\"@type\":\"WebPage\",\"@id\":\"https:\/\/chinago.pl\/shop\/polityka-prywatnosci\/\",\"url\":\"https:\/\/chinago.pl\/shop\/polityka-prywatnosci\/\",\"name\":\"Polityka prywatno\u015bci - ChinaGo \u2013 sklep internetowy z us\u0142ugami importu z Chin\",\"isPartOf\":{\"@id\":\"https:\/\/chinago.pl\/shop\/#website\"},\"datePublished\":\"2024-11-13T17:46:15+00:00\",\"dateModified\":\"2024-12-10T15:47:33+00:00\",\"description\":\"Przeczytaj nasz\u0105 polityk\u0119 prywatno\u015bci, aby dowiedzie\u0107 si\u0119, jak chronimy Twoje dane osobowe i jakie informacje zbieramy podczas korzystania z naszej strony. Zapewniamy pe\u0142n\u0105 transparentno\u015b\u0107 i przestrzegamy przepis\u00f3w o ochronie prywatno\u015bci. Zapoznaj si\u0119 z naszymi zasadami dotycz\u0105cymi gromadzenia, przechowywania i wykorzystywania danych.\",\"breadcrumb\":{\"@id\":\"https:\/\/chinago.pl\/shop\/polityka-prywatnosci\/#breadcrumb\"},\"inLanguage\":\"pl-PL\",\"potentialAction\":[{\"@type\":\"ReadAction\",\"target\":[\"https:\/\/chinago.pl\/shop\/polityka-prywatnosci\/\"]}]},{\"@type\":\"BreadcrumbList\",\"@id\":\"https:\/\/chinago.pl\/shop\/polityka-prywatnosci\/#breadcrumb\",\"itemListElement\":[{\"@type\":\"ListItem\",\"position\":1,\"name\":\"Strona g\u0142\u00f3wna\",\"item\":\"https:\/\/chinago.pl\/shop\/\"},{\"@type\":\"ListItem\",\"position\":2,\"name\":\"Polityka prywatno\u015bci\"}]},{\"@type\":\"WebSite\",\"@id\":\"https:\/\/chinago.pl\/shop\/#website\",\"url\":\"https:\/\/chinago.pl\/shop\/\",\"name\":\"ChinaGo \u2013 sklep internetowy z us\u0142ugami importu z Chin\",\"description\":\"Bezpo\u015bredni importer z Chin!\",\"publisher\":{\"@id\":\"https:\/\/chinago.pl\/shop\/#organization\"},\"potentialAction\":[{\"@type\":\"SearchAction\",\"target\":{\"@type\":\"EntryPoint\",\"urlTemplate\":\"https:\/\/chinago.pl\/shop\/?s={search_term_string}\"},\"query-input\":{\"@type\":\"PropertyValueSpecification\",\"valueRequired\":true,\"valueName\":\"search_term_string\"}}],\"inLanguage\":\"pl-PL\"},{\"@type\":\"Organization\",\"@id\":\"https:\/\/chinago.pl\/shop\/#organization\",\"name\":\"ChinaGo \u2013 sklep internetowy z us\u0142ugami importu z Chin\",\"url\":\"https:\/\/chinago.pl\/shop\/\",\"logo\":{\"@type\":\"ImageObject\",\"inLanguage\":\"pl-PL\",\"@id\":\"https:\/\/chinago.pl\/shop\/#\/schema\/logo\/image\/\",\"url\":\"https:\/\/chinago.pl\/shop\/wp-content\/uploads\/2024\/11\/logoshop.svg\",\"contentUrl\":\"https:\/\/chinago.pl\/shop\/wp-content\/uploads\/2024\/11\/logoshop.svg\",\"width\":310,\"height\":54,\"caption\":\"ChinaGo \u2013 sklep internetowy z us\u0142ugami importu z Chin\"},\"image\":{\"@id\":\"https:\/\/chinago.pl\/shop\/#\/schema\/logo\/image\/\"}}]}<\/script>\n<!-- \/ Yoast SEO plugin. -->","yoast_head_json":{"title":"Polityka prywatno\u015bci - ChinaGo \u2013 sklep internetowy z us\u0142ugami importu z Chin","description":"Przeczytaj nasz\u0105 polityk\u0119 prywatno\u015bci, aby dowiedzie\u0107 si\u0119, jak chronimy Twoje dane osobowe i jakie informacje zbieramy podczas korzystania z naszej strony. Zapewniamy pe\u0142n\u0105 transparentno\u015b\u0107 i przestrzegamy przepis\u00f3w o ochronie prywatno\u015bci. Zapoznaj si\u0119 z naszymi zasadami dotycz\u0105cymi gromadzenia, przechowywania i wykorzystywania danych.","robots":{"index":"index","follow":"follow","max-snippet":"max-snippet:-1","max-image-preview":"max-image-preview:large","max-video-preview":"max-video-preview:-1"},"canonical":"https:\/\/chinago.pl\/shop\/polityka-prywatnosci\/","og_locale":"pl_PL","og_type":"article","og_title":"Polityka prywatno\u015bci - ChinaGo \u2013 sklep internetowy z us\u0142ugami importu z Chin","og_description":"Przeczytaj nasz\u0105 polityk\u0119 prywatno\u015bci, aby dowiedzie\u0107 si\u0119, jak chronimy Twoje dane osobowe i jakie informacje zbieramy podczas korzystania z naszej strony. Zapewniamy pe\u0142n\u0105 transparentno\u015b\u0107 i przestrzegamy przepis\u00f3w o ochronie prywatno\u015bci. Zapoznaj si\u0119 z naszymi zasadami dotycz\u0105cymi gromadzenia, przechowywania i wykorzystywania danych.","og_url":"https:\/\/chinago.pl\/shop\/polityka-prywatnosci\/","og_site_name":"ChinaGo \u2013 sklep internetowy z us\u0142ugami importu z Chin","article_modified_time":"2024-12-10T15:47:33+00:00","twitter_card":"summary_large_image","twitter_misc":{"Szacowany czas czytania":"5 minut"},"schema":{"@context":"https:\/\/schema.org","@graph":[{"@type":"WebPage","@id":"https:\/\/chinago.pl\/shop\/polityka-prywatnosci\/","url":"https:\/\/chinago.pl\/shop\/polityka-prywatnosci\/","name":"Polityka prywatno\u015bci - ChinaGo \u2013 sklep internetowy z us\u0142ugami importu z Chin","isPartOf":{"@id":"https:\/\/chinago.pl\/shop\/#website"},"datePublished":"2024-11-13T17:46:15+00:00","dateModified":"2024-12-10T15:47:33+00:00","description":"Przeczytaj nasz\u0105 polityk\u0119 prywatno\u015bci, aby dowiedzie\u0107 si\u0119, jak chronimy Twoje dane osobowe i jakie informacje zbieramy podczas korzystania z naszej strony. Zapewniamy pe\u0142n\u0105 transparentno\u015b\u0107 i przestrzegamy przepis\u00f3w o ochronie prywatno\u015bci. Zapoznaj si\u0119 z naszymi zasadami dotycz\u0105cymi gromadzenia, przechowywania i wykorzystywania danych.","breadcrumb":{"@id":"https:\/\/chinago.pl\/shop\/polityka-prywatnosci\/#breadcrumb"},"inLanguage":"pl-PL","potentialAction":[{"@type":"ReadAction","target":["https:\/\/chinago.pl\/shop\/polityka-prywatnosci\/"]}]},{"@type":"BreadcrumbList","@id":"https:\/\/chinago.pl\/shop\/polityka-prywatnosci\/#breadcrumb","itemListElement":[{"@type":"ListItem","position":1,"name":"Strona g\u0142\u00f3wna","item":"https:\/\/chinago.pl\/shop\/"},{"@type":"ListItem","position":2,"name":"Polityka prywatno\u015bci"}]},{"@type":"WebSite","@id":"https:\/\/chinago.pl\/shop\/#website","url":"https:\/\/chinago.pl\/shop\/","name":"ChinaGo \u2013 sklep internetowy z us\u0142ugami importu z Chin","description":"Bezpo\u015bredni importer z Chin!","publisher":{"@id":"https:\/\/chinago.pl\/shop\/#organization"},"potentialAction":[{"@type":"SearchAction","target":{"@type":"EntryPoint","urlTemplate":"https:\/\/chinago.pl\/shop\/?s={search_term_string}"},"query-input":{"@type":"PropertyValueSpecification","valueRequired":true,"valueName":"search_term_string"}}],"inLanguage":"pl-PL"},{"@type":"Organization","@id":"https:\/\/chinago.pl\/shop\/#organization","name":"ChinaGo \u2013 sklep internetowy z us\u0142ugami importu z Chin","url":"https:\/\/chinago.pl\/shop\/","logo":{"@type":"ImageObject","inLanguage":"pl-PL","@id":"https:\/\/chinago.pl\/shop\/#\/schema\/logo\/image\/","url":"https:\/\/chinago.pl\/shop\/wp-content\/uploads\/2024\/11\/logoshop.svg","contentUrl":"https:\/\/chinago.pl\/shop\/wp-content\/uploads\/2024\/11\/logoshop.svg","width":310,"height":54,"caption":"ChinaGo \u2013 sklep internetowy z us\u0142ugami importu z Chin"},"image":{"@id":"https:\/\/chinago.pl\/shop\/#\/schema\/logo\/image\/"}}]}},"_links":{"self":[{"href":"https:\/\/chinago.pl\/shop\/wp-json\/wp\/v2\/pages\/3","targetHints":{"allow":["GET"]}}],"collection":[{"href":"https:\/\/chinago.pl\/shop\/wp-json\/wp\/v2\/pages"}],"about":[{"href":"https:\/\/chinago.pl\/shop\/wp-json\/wp\/v2\/types\/page"}],"author":[{"embeddable":true,"href":"https:\/\/chinago.pl\/shop\/wp-json\/wp\/v2\/users\/1"}],"replies":[{"embeddable":true,"href":"https:\/\/chinago.pl\/shop\/wp-json\/wp\/v2\/comments?post=3"}],"version-history":[{"count":2,"href":"https:\/\/chinago.pl\/shop\/wp-json\/wp\/v2\/pages\/3\/revisions"}],"predecessor-version":[{"id":186,"href":"https:\/\/chinago.pl\/shop\/wp-json\/wp\/v2\/pages\/3\/revisions\/186"}],"wp:attachment":[{"href":"https:\/\/chinago.pl\/shop\/wp-json\/wp\/v2\/media?parent=3"}],"curies":[{"name":"wp","href":"https:\/\/api.w.org\/{rel}","templated":true}]}}