{"id":154,"date":"2024-11-14T20:21:50","date_gmt":"2024-11-14T19:21:50","guid":{"rendered":"https:\/\/chinago.pl\/shop\/?post_type=product&#038;p=154"},"modified":"2026-03-07T17:20:57","modified_gmt":"2026-03-07T16:20:57","slug":"audyt-zaladunkowy","status":"publish","type":"product","link":"https:\/\/chinago.pl\/shop\/produkt\/audyt-zaladunkowy\/","title":{"rendered":"Audyt za\u0142adunkowy"},"content":{"rendered":"<p><strong>Korzy\u015bci wynikaj\u0105ce z audytu za\u0142adunkowego:<\/strong><\/p>\n<ul>\n<li>bezpiecze\u0144stwo towar\u00f3w: audyt pomaga zapobiec uszkodzeniom podczas transportu, sprawdzaj\u0105c zabezpieczenia oraz spos\u00f3b pakowania<\/li>\n<li>zgodno\u015b\u0107 z zam\u00f3wieniem: upewnienie si\u0119, \u017ce za\u0142adowane towary s\u0105 zgodne z zam\u00f3wieniem klienta, co minimalizuje ryzyko reklamacji<\/li>\n<li>kontrola dokumentacji: sprawdzenie wszystkich dokument\u00f3w oraz procedur transportowych, co gwarantuje bezproblemowy przep\u0142yw towar\u00f3w<\/li>\n<li>redukcja ryzyka: wczesna identyfikacja problem\u00f3w zwi\u0105zanych z za\u0142adunkiem, co pozwala na ich szybk\u0105 eliminacj\u0119 i minimalizacj\u0119 potencjalnych strat<\/li>\n<\/ul>\n<p><strong>Zakres audytu:<\/strong><\/p>\n<ul>\n<li>zabezpieczenie towar\u00f3w: sprawdzenie metod pakowania i zabezpiecze\u0144 przed przemieszczeniem si\u0119 towar\u00f3w w kontenerze<\/li>\n<li>oznakowanie i identyfikacja: weryfikacja, czy towary s\u0105 prawid\u0142owo oznakowane i zgodne z wymaganiami klienta oraz przepisami<\/li>\n<li>zgodno\u015b\u0107 z umow\u0105: upewnienie si\u0119, \u017ce za\u0142adowane towary odpowiadaj\u0105 specyfikacjom zam\u00f3wienia pod wzgl\u0119dem ilo\u015bci i rodzaju<\/li>\n<\/ul>\n<p><strong>Czas realizacji:<\/strong><\/p>\n<p>Raport dost\u0119pny na nast\u0119pny dzie\u0144 roboczy po przeprowadzeniu audytu<\/p>\n<p><strong>Cena: 2800 z\u0142 netto<\/strong><\/p>\n","protected":false},"excerpt":{"rendered":"<p>Audyt za\u0142adunkowy zapewnia bezpiecze\u0144stwo towar\u00f3w, kontroluj\u0105c ich w\u0142a\u015bciwe zabezpieczenie i pakowanie, co minimalizuje ryzyko uszkodze\u0144. Dba o zgodno\u015b\u0107 z zam\u00f3wieniem, co zmniejsza szans\u0119 na reklamacje, oraz obejmuje kontrol\u0119 dokumentacji, gwarantuj\u0105c p\u0142ynny przebieg transportu. Pozwala r\u00f3wnie\u017c na wczesne wykrycie i eliminacj\u0119 potencjalnych problem\u00f3w, ograniczaj\u0105c ryzyko strat.<\/p>\n","protected":false},"featured_media":124,"template":"","meta":[],"product_cat":[15],"product_tag":[],"class_list":{"0":"post-154","1":"product","2":"type-product","3":"status-publish","4":"has-post-thumbnail","6":"product_cat-uslugi","8":"first","9":"instock","10":"virtual","11":"taxable","12":"purchasable","13":"product-type-simple"},"yoast_head":"<!-- This site is optimized with the Yoast SEO plugin v24.0 - https:\/\/yoast.com\/wordpress\/plugins\/seo\/ -->\n<title>Audyt za\u0142adunkowy - ChinaGo \u2013 sklep internetowy z us\u0142ugami importu z Chin<\/title>\n<meta name=\"description\" content=\"Audyt za\u0142adunkowy od 1300 z\u0142 netto. Zabezpiecz towar przed uszkodzeniami, sprawd\u017a zgodno\u015b\u0107 z zam\u00f3wieniem i kontrol\u0119 dokumentacji, minimalizuj\u0105c ryzyko reklamacji i strat!\" \/>\n<meta name=\"robots\" content=\"index, follow, max-snippet:-1, max-image-preview:large, max-video-preview:-1\" \/>\n<link rel=\"canonical\" href=\"https:\/\/chinago.pl\/shop\/produkt\/audyt-zaladunkowy\/\" \/>\n<meta property=\"og:locale\" content=\"pl_PL\" \/>\n<meta property=\"og:type\" content=\"article\" \/>\n<meta property=\"og:title\" content=\"Audyt za\u0142adunkowy - ChinaGo \u2013 sklep internetowy z us\u0142ugami importu z Chin\" \/>\n<meta property=\"og:description\" content=\"Audyt za\u0142adunkowy od 1300 z\u0142 netto. Zabezpiecz towar przed uszkodzeniami, sprawd\u017a zgodno\u015b\u0107 z zam\u00f3wieniem i kontrol\u0119 dokumentacji, minimalizuj\u0105c ryzyko reklamacji i strat!\" \/>\n<meta property=\"og:url\" content=\"https:\/\/chinago.pl\/shop\/produkt\/audyt-zaladunkowy\/\" \/>\n<meta property=\"og:site_name\" content=\"ChinaGo \u2013 sklep internetowy z us\u0142ugami importu z Chin\" \/>\n<meta property=\"article:modified_time\" content=\"2026-03-07T16:20:57+00:00\" \/>\n<meta property=\"og:image\" content=\"https:\/\/chinago.pl\/shop\/wp-content\/uploads\/2024\/11\/Rectangle-247.jpg\" \/>\n\t<meta property=\"og:image:width\" content=\"800\" \/>\n\t<meta property=\"og:image:height\" content=\"800\" \/>\n\t<meta property=\"og:image:type\" content=\"image\/jpeg\" \/>\n<meta name=\"twitter:card\" content=\"summary_large_image\" \/>\n<meta name=\"twitter:label1\" content=\"Szacowany czas czytania\" \/>\n\t<meta name=\"twitter:data1\" content=\"1 minuta\" \/>\n<script type=\"application\/ld+json\" class=\"yoast-schema-graph\">{\"@context\":\"https:\/\/schema.org\",\"@graph\":[{\"@type\":\"WebPage\",\"@id\":\"https:\/\/chinago.pl\/shop\/produkt\/audyt-zaladunkowy\/\",\"url\":\"https:\/\/chinago.pl\/shop\/produkt\/audyt-zaladunkowy\/\",\"name\":\"Audyt za\u0142adunkowy - ChinaGo \u2013 sklep internetowy z us\u0142ugami importu z Chin\",\"isPartOf\":{\"@id\":\"https:\/\/chinago.pl\/shop\/#website\"},\"primaryImageOfPage\":{\"@id\":\"https:\/\/chinago.pl\/shop\/produkt\/audyt-zaladunkowy\/#primaryimage\"},\"image\":{\"@id\":\"https:\/\/chinago.pl\/shop\/produkt\/audyt-zaladunkowy\/#primaryimage\"},\"thumbnailUrl\":\"https:\/\/chinago.pl\/shop\/wp-content\/uploads\/2024\/11\/Rectangle-247.jpg\",\"datePublished\":\"2024-11-14T19:21:50+00:00\",\"dateModified\":\"2026-03-07T16:20:57+00:00\",\"description\":\"Audyt za\u0142adunkowy od 1300 z\u0142 netto. Zabezpiecz towar przed uszkodzeniami, sprawd\u017a zgodno\u015b\u0107 z zam\u00f3wieniem i kontrol\u0119 dokumentacji, minimalizuj\u0105c ryzyko reklamacji i strat!\",\"breadcrumb\":{\"@id\":\"https:\/\/chinago.pl\/shop\/produkt\/audyt-zaladunkowy\/#breadcrumb\"},\"inLanguage\":\"pl-PL\",\"potentialAction\":[{\"@type\":\"ReadAction\",\"target\":[\"https:\/\/chinago.pl\/shop\/produkt\/audyt-zaladunkowy\/\"]}]},{\"@type\":\"ImageObject\",\"inLanguage\":\"pl-PL\",\"@id\":\"https:\/\/chinago.pl\/shop\/produkt\/audyt-zaladunkowy\/#primaryimage\",\"url\":\"https:\/\/chinago.pl\/shop\/wp-content\/uploads\/2024\/11\/Rectangle-247.jpg\",\"contentUrl\":\"https:\/\/chinago.pl\/shop\/wp-content\/uploads\/2024\/11\/Rectangle-247.jpg\",\"width\":800,\"height\":800},{\"@type\":\"BreadcrumbList\",\"@id\":\"https:\/\/chinago.pl\/shop\/produkt\/audyt-zaladunkowy\/#breadcrumb\",\"itemListElement\":[{\"@type\":\"ListItem\",\"position\":1,\"name\":\"Strona g\u0142\u00f3wna\",\"item\":\"https:\/\/chinago.pl\/shop\/\"},{\"@type\":\"ListItem\",\"position\":2,\"name\":\"Home\",\"item\":\"https:\/\/chinago.pl\/shop\/\"},{\"@type\":\"ListItem\",\"position\":3,\"name\":\"Audyt za\u0142adunkowy\"}]},{\"@type\":\"WebSite\",\"@id\":\"https:\/\/chinago.pl\/shop\/#website\",\"url\":\"https:\/\/chinago.pl\/shop\/\",\"name\":\"ChinaGo \u2013 sklep internetowy z us\u0142ugami importu z Chin\",\"description\":\"Bezpo\u015bredni importer z Chin!\",\"publisher\":{\"@id\":\"https:\/\/chinago.pl\/shop\/#organization\"},\"potentialAction\":[{\"@type\":\"SearchAction\",\"target\":{\"@type\":\"EntryPoint\",\"urlTemplate\":\"https:\/\/chinago.pl\/shop\/?s={search_term_string}\"},\"query-input\":{\"@type\":\"PropertyValueSpecification\",\"valueRequired\":true,\"valueName\":\"search_term_string\"}}],\"inLanguage\":\"pl-PL\"},{\"@type\":\"Organization\",\"@id\":\"https:\/\/chinago.pl\/shop\/#organization\",\"name\":\"ChinaGo \u2013 sklep internetowy z us\u0142ugami importu z Chin\",\"url\":\"https:\/\/chinago.pl\/shop\/\",\"logo\":{\"@type\":\"ImageObject\",\"inLanguage\":\"pl-PL\",\"@id\":\"https:\/\/chinago.pl\/shop\/#\/schema\/logo\/image\/\",\"url\":\"https:\/\/chinago.pl\/shop\/wp-content\/uploads\/2024\/11\/logoshop.svg\",\"contentUrl\":\"https:\/\/chinago.pl\/shop\/wp-content\/uploads\/2024\/11\/logoshop.svg\",\"width\":310,\"height\":54,\"caption\":\"ChinaGo \u2013 sklep internetowy z us\u0142ugami importu z Chin\"},\"image\":{\"@id\":\"https:\/\/chinago.pl\/shop\/#\/schema\/logo\/image\/\"}}]}<\/script>\n<!-- \/ Yoast SEO plugin. -->","yoast_head_json":{"title":"Audyt za\u0142adunkowy - ChinaGo \u2013 sklep internetowy z us\u0142ugami importu z Chin","description":"Audyt za\u0142adunkowy od 1300 z\u0142 netto. Zabezpiecz towar przed uszkodzeniami, sprawd\u017a zgodno\u015b\u0107 z zam\u00f3wieniem i kontrol\u0119 dokumentacji, minimalizuj\u0105c ryzyko reklamacji i strat!","robots":{"index":"index","follow":"follow","max-snippet":"max-snippet:-1","max-image-preview":"max-image-preview:large","max-video-preview":"max-video-preview:-1"},"canonical":"https:\/\/chinago.pl\/shop\/produkt\/audyt-zaladunkowy\/","og_locale":"pl_PL","og_type":"article","og_title":"Audyt za\u0142adunkowy - ChinaGo \u2013 sklep internetowy z us\u0142ugami importu z Chin","og_description":"Audyt za\u0142adunkowy od 1300 z\u0142 netto. Zabezpiecz towar przed uszkodzeniami, sprawd\u017a zgodno\u015b\u0107 z zam\u00f3wieniem i kontrol\u0119 dokumentacji, minimalizuj\u0105c ryzyko reklamacji i strat!","og_url":"https:\/\/chinago.pl\/shop\/produkt\/audyt-zaladunkowy\/","og_site_name":"ChinaGo \u2013 sklep internetowy z us\u0142ugami importu z Chin","article_modified_time":"2026-03-07T16:20:57+00:00","og_image":[{"width":800,"height":800,"url":"https:\/\/chinago.pl\/shop\/wp-content\/uploads\/2024\/11\/Rectangle-247.jpg","type":"image\/jpeg"}],"twitter_card":"summary_large_image","twitter_misc":{"Szacowany czas czytania":"1 minuta"},"schema":{"@context":"https:\/\/schema.org","@graph":[{"@type":"WebPage","@id":"https:\/\/chinago.pl\/shop\/produkt\/audyt-zaladunkowy\/","url":"https:\/\/chinago.pl\/shop\/produkt\/audyt-zaladunkowy\/","name":"Audyt za\u0142adunkowy - ChinaGo \u2013 sklep internetowy z us\u0142ugami importu z Chin","isPartOf":{"@id":"https:\/\/chinago.pl\/shop\/#website"},"primaryImageOfPage":{"@id":"https:\/\/chinago.pl\/shop\/produkt\/audyt-zaladunkowy\/#primaryimage"},"image":{"@id":"https:\/\/chinago.pl\/shop\/produkt\/audyt-zaladunkowy\/#primaryimage"},"thumbnailUrl":"https:\/\/chinago.pl\/shop\/wp-content\/uploads\/2024\/11\/Rectangle-247.jpg","datePublished":"2024-11-14T19:21:50+00:00","dateModified":"2026-03-07T16:20:57+00:00","description":"Audyt za\u0142adunkowy od 1300 z\u0142 netto. Zabezpiecz towar przed uszkodzeniami, sprawd\u017a zgodno\u015b\u0107 z zam\u00f3wieniem i kontrol\u0119 dokumentacji, minimalizuj\u0105c ryzyko reklamacji i strat!","breadcrumb":{"@id":"https:\/\/chinago.pl\/shop\/produkt\/audyt-zaladunkowy\/#breadcrumb"},"inLanguage":"pl-PL","potentialAction":[{"@type":"ReadAction","target":["https:\/\/chinago.pl\/shop\/produkt\/audyt-zaladunkowy\/"]}]},{"@type":"ImageObject","inLanguage":"pl-PL","@id":"https:\/\/chinago.pl\/shop\/produkt\/audyt-zaladunkowy\/#primaryimage","url":"https:\/\/chinago.pl\/shop\/wp-content\/uploads\/2024\/11\/Rectangle-247.jpg","contentUrl":"https:\/\/chinago.pl\/shop\/wp-content\/uploads\/2024\/11\/Rectangle-247.jpg","width":800,"height":800},{"@type":"BreadcrumbList","@id":"https:\/\/chinago.pl\/shop\/produkt\/audyt-zaladunkowy\/#breadcrumb","itemListElement":[{"@type":"ListItem","position":1,"name":"Strona g\u0142\u00f3wna","item":"https:\/\/chinago.pl\/shop\/"},{"@type":"ListItem","position":2,"name":"Home","item":"https:\/\/chinago.pl\/shop\/"},{"@type":"ListItem","position":3,"name":"Audyt za\u0142adunkowy"}]},{"@type":"WebSite","@id":"https:\/\/chinago.pl\/shop\/#website","url":"https:\/\/chinago.pl\/shop\/","name":"ChinaGo \u2013 sklep internetowy z us\u0142ugami importu z Chin","description":"Bezpo\u015bredni importer z Chin!","publisher":{"@id":"https:\/\/chinago.pl\/shop\/#organization"},"potentialAction":[{"@type":"SearchAction","target":{"@type":"EntryPoint","urlTemplate":"https:\/\/chinago.pl\/shop\/?s={search_term_string}"},"query-input":{"@type":"PropertyValueSpecification","valueRequired":true,"valueName":"search_term_string"}}],"inLanguage":"pl-PL"},{"@type":"Organization","@id":"https:\/\/chinago.pl\/shop\/#organization","name":"ChinaGo \u2013 sklep internetowy z us\u0142ugami importu z Chin","url":"https:\/\/chinago.pl\/shop\/","logo":{"@type":"ImageObject","inLanguage":"pl-PL","@id":"https:\/\/chinago.pl\/shop\/#\/schema\/logo\/image\/","url":"https:\/\/chinago.pl\/shop\/wp-content\/uploads\/2024\/11\/logoshop.svg","contentUrl":"https:\/\/chinago.pl\/shop\/wp-content\/uploads\/2024\/11\/logoshop.svg","width":310,"height":54,"caption":"ChinaGo \u2013 sklep internetowy z us\u0142ugami importu z Chin"},"image":{"@id":"https:\/\/chinago.pl\/shop\/#\/schema\/logo\/image\/"}}]}},"_links":{"self":[{"href":"https:\/\/chinago.pl\/shop\/wp-json\/wp\/v2\/product\/154","targetHints":{"allow":["GET"]}}],"collection":[{"href":"https:\/\/chinago.pl\/shop\/wp-json\/wp\/v2\/product"}],"about":[{"href":"https:\/\/chinago.pl\/shop\/wp-json\/wp\/v2\/types\/product"}],"wp:featuredmedia":[{"embeddable":true,"href":"https:\/\/chinago.pl\/shop\/wp-json\/wp\/v2\/media\/124"}],"wp:attachment":[{"href":"https:\/\/chinago.pl\/shop\/wp-json\/wp\/v2\/media?parent=154"}],"wp:term":[{"taxonomy":"product_cat","embeddable":true,"href":"https:\/\/chinago.pl\/shop\/wp-json\/wp\/v2\/product_cat?post=154"},{"taxonomy":"product_tag","embeddable":true,"href":"https:\/\/chinago.pl\/shop\/wp-json\/wp\/v2\/product_tag?post=154"}],"curies":[{"name":"wp","href":"https:\/\/api.w.org\/{rel}","templated":true}]}}