{"id":156,"date":"2024-11-14T20:29:14","date_gmt":"2024-11-14T19:29:14","guid":{"rendered":"https:\/\/chinago.pl\/shop\/?post_type=product&#038;p=156"},"modified":"2026-03-07T17:20:05","modified_gmt":"2026-03-07T16:20:05","slug":"audyt-chinskiej-firmy","status":"publish","type":"product","link":"https:\/\/chinago.pl\/shop\/produkt\/audyt-chinskiej-firmy\/","title":{"rendered":"Audyt chi\u0144skiej firmy"},"content":{"rendered":"<p><strong>Korzy\u015bci wynikaj\u0105ce z audytu:<\/strong><\/p>\n<ul>\n<li><strong>zmniejszenie ryzyka<\/strong> podczas wsp\u00f3\u0142pracy z chi\u0144skim dostawc\u0105<\/li>\n<li><strong>pewno\u015b\u0107 jako\u015bci produkt\u00f3w<\/strong> zgodnie ze standardami<\/li>\n<li><strong>audyt fizyczny<\/strong> w fabryce, bez konieczno\u015bci podr\u00f3\u017cy do Chin<\/li>\n<li><strong>szybki dost\u0119p do raportu<\/strong> nawet dzie\u0144 po audycie<\/li>\n<li><strong>dostosowanie audytu<\/strong> do indywidualnych potrzeb klienta<\/li>\n<\/ul>\n<p><strong>Zakres weryfikacji:<\/strong><\/p>\n<ul>\n<li><strong>sprawdzenie proces\u00f3w produkcyjnych<\/strong>, jako\u015bci produkt\u00f3w oraz warunk\u00f3w pracy<\/li>\n<li><strong>weryfikacja legalno\u015bci firmy<\/strong>, zgodno\u015bci z normami \u015brodowiskowymi, oraz mocy produkcyjnych<\/li>\n<li><strong>dokumentacja raportu<\/strong> z dodatkowymi zdj\u0119ciami lub filmami<\/li>\n<\/ul>\n<p><strong>Proces audytu:<\/strong><\/p>\n<ul>\n<li><strong>indywidualne ustalenie zakresu weryfikacji<\/strong> na podstawie potrzeb klienta<\/li>\n<li><strong>weryfikacja na miejscu<\/strong> przez audytora w Chinach<\/li>\n<li><strong>sporz\u0105dzenie szczeg\u00f3\u0142owego raportu<\/strong> dost\u0119pnego w formie pisemnej, z dokumentacj\u0105 wizualn\u0105<\/li>\n<\/ul>\n<p><strong>Czas realizacji:<\/strong><\/p>\n<p>Analiza Pro: raport dzie\u0144 po audycie<\/p>\n<p><strong>Cena: 2800 z\u0142 netto<\/strong><\/p>\n","protected":false},"excerpt":{"rendered":"<p>Audyt chi\u0144skiego dostawcy zmniejsza ryzyko wsp\u00f3\u0142pracy, zapewniaj\u0105c pewno\u015b\u0107 jako\u015bci produkt\u00f3w bez potrzeby podr\u00f3\u017cy do Chin. Oferuje szybki dost\u0119p do szczeg\u00f3\u0142owego raportu z wizualn\u0105 dokumentacj\u0105 oraz elastyczny zakres audytu dostosowany do potrzeb klienta.<\/p>\n","protected":false},"featured_media":139,"template":"","meta":[],"product_cat":[15],"product_tag":[],"class_list":{"0":"post-156","1":"product","2":"type-product","3":"status-publish","4":"has-post-thumbnail","6":"product_cat-uslugi","8":"first","9":"instock","10":"virtual","11":"taxable","12":"purchasable","13":"product-type-simple"},"yoast_head":"<!-- This site is optimized with the Yoast SEO plugin v24.0 - https:\/\/yoast.com\/wordpress\/plugins\/seo\/ -->\n<title>Audyt chi\u0144skiej firmy - ChinaGo \u2013 sklep internetowy z us\u0142ugami importu z Chin<\/title>\n<meta name=\"description\" content=\"Audyt chi\u0144skiego dostawcy od 1300 z\u0142 netto. Zmniejsz ryzyko wsp\u00f3\u0142pracy i zyskaj pewno\u015b\u0107 jako\u015bci produkt\u00f3w bez podr\u00f3\u017cy do Chin. Szczeg\u00f3\u0142owy raport z dokumentacj\u0105 wizualn\u0105!\" \/>\n<meta name=\"robots\" content=\"index, follow, max-snippet:-1, max-image-preview:large, max-video-preview:-1\" \/>\n<link rel=\"canonical\" href=\"https:\/\/chinago.pl\/shop\/produkt\/audyt-chinskiej-firmy\/\" \/>\n<meta property=\"og:locale\" content=\"pl_PL\" \/>\n<meta property=\"og:type\" content=\"article\" \/>\n<meta property=\"og:title\" content=\"Audyt chi\u0144skiej firmy - ChinaGo \u2013 sklep internetowy z us\u0142ugami importu z Chin\" \/>\n<meta property=\"og:description\" content=\"Audyt chi\u0144skiego dostawcy od 1300 z\u0142 netto. Zmniejsz ryzyko wsp\u00f3\u0142pracy i zyskaj pewno\u015b\u0107 jako\u015bci produkt\u00f3w bez podr\u00f3\u017cy do Chin. Szczeg\u00f3\u0142owy raport z dokumentacj\u0105 wizualn\u0105!\" \/>\n<meta property=\"og:url\" content=\"https:\/\/chinago.pl\/shop\/produkt\/audyt-chinskiej-firmy\/\" \/>\n<meta property=\"og:site_name\" content=\"ChinaGo \u2013 sklep internetowy z us\u0142ugami importu z Chin\" \/>\n<meta property=\"article:modified_time\" content=\"2026-03-07T16:20:05+00:00\" \/>\n<meta property=\"og:image\" content=\"https:\/\/chinago.pl\/shop\/wp-content\/uploads\/2024\/11\/Rectangle-262.jpg\" \/>\n\t<meta property=\"og:image:width\" content=\"800\" \/>\n\t<meta property=\"og:image:height\" content=\"800\" \/>\n\t<meta property=\"og:image:type\" content=\"image\/jpeg\" \/>\n<meta name=\"twitter:card\" content=\"summary_large_image\" \/>\n<meta name=\"twitter:label1\" content=\"Szacowany czas czytania\" \/>\n\t<meta name=\"twitter:data1\" content=\"1 minuta\" \/>\n<script type=\"application\/ld+json\" class=\"yoast-schema-graph\">{\"@context\":\"https:\/\/schema.org\",\"@graph\":[{\"@type\":\"WebPage\",\"@id\":\"https:\/\/chinago.pl\/shop\/produkt\/audyt-chinskiej-firmy\/\",\"url\":\"https:\/\/chinago.pl\/shop\/produkt\/audyt-chinskiej-firmy\/\",\"name\":\"Audyt chi\u0144skiej firmy - ChinaGo \u2013 sklep internetowy z us\u0142ugami importu z Chin\",\"isPartOf\":{\"@id\":\"https:\/\/chinago.pl\/shop\/#website\"},\"primaryImageOfPage\":{\"@id\":\"https:\/\/chinago.pl\/shop\/produkt\/audyt-chinskiej-firmy\/#primaryimage\"},\"image\":{\"@id\":\"https:\/\/chinago.pl\/shop\/produkt\/audyt-chinskiej-firmy\/#primaryimage\"},\"thumbnailUrl\":\"https:\/\/chinago.pl\/shop\/wp-content\/uploads\/2024\/11\/Rectangle-262.jpg\",\"datePublished\":\"2024-11-14T19:29:14+00:00\",\"dateModified\":\"2026-03-07T16:20:05+00:00\",\"description\":\"Audyt chi\u0144skiego dostawcy od 1300 z\u0142 netto. Zmniejsz ryzyko wsp\u00f3\u0142pracy i zyskaj pewno\u015b\u0107 jako\u015bci produkt\u00f3w bez podr\u00f3\u017cy do Chin. Szczeg\u00f3\u0142owy raport z dokumentacj\u0105 wizualn\u0105!\",\"breadcrumb\":{\"@id\":\"https:\/\/chinago.pl\/shop\/produkt\/audyt-chinskiej-firmy\/#breadcrumb\"},\"inLanguage\":\"pl-PL\",\"potentialAction\":[{\"@type\":\"ReadAction\",\"target\":[\"https:\/\/chinago.pl\/shop\/produkt\/audyt-chinskiej-firmy\/\"]}]},{\"@type\":\"ImageObject\",\"inLanguage\":\"pl-PL\",\"@id\":\"https:\/\/chinago.pl\/shop\/produkt\/audyt-chinskiej-firmy\/#primaryimage\",\"url\":\"https:\/\/chinago.pl\/shop\/wp-content\/uploads\/2024\/11\/Rectangle-262.jpg\",\"contentUrl\":\"https:\/\/chinago.pl\/shop\/wp-content\/uploads\/2024\/11\/Rectangle-262.jpg\",\"width\":800,\"height\":800},{\"@type\":\"BreadcrumbList\",\"@id\":\"https:\/\/chinago.pl\/shop\/produkt\/audyt-chinskiej-firmy\/#breadcrumb\",\"itemListElement\":[{\"@type\":\"ListItem\",\"position\":1,\"name\":\"Strona g\u0142\u00f3wna\",\"item\":\"https:\/\/chinago.pl\/shop\/\"},{\"@type\":\"ListItem\",\"position\":2,\"name\":\"Home\",\"item\":\"https:\/\/chinago.pl\/shop\/\"},{\"@type\":\"ListItem\",\"position\":3,\"name\":\"Audyt chi\u0144skiej firmy\"}]},{\"@type\":\"WebSite\",\"@id\":\"https:\/\/chinago.pl\/shop\/#website\",\"url\":\"https:\/\/chinago.pl\/shop\/\",\"name\":\"ChinaGo \u2013 sklep internetowy z us\u0142ugami importu z Chin\",\"description\":\"Bezpo\u015bredni importer z Chin!\",\"publisher\":{\"@id\":\"https:\/\/chinago.pl\/shop\/#organization\"},\"potentialAction\":[{\"@type\":\"SearchAction\",\"target\":{\"@type\":\"EntryPoint\",\"urlTemplate\":\"https:\/\/chinago.pl\/shop\/?s={search_term_string}\"},\"query-input\":{\"@type\":\"PropertyValueSpecification\",\"valueRequired\":true,\"valueName\":\"search_term_string\"}}],\"inLanguage\":\"pl-PL\"},{\"@type\":\"Organization\",\"@id\":\"https:\/\/chinago.pl\/shop\/#organization\",\"name\":\"ChinaGo \u2013 sklep internetowy z us\u0142ugami importu z Chin\",\"url\":\"https:\/\/chinago.pl\/shop\/\",\"logo\":{\"@type\":\"ImageObject\",\"inLanguage\":\"pl-PL\",\"@id\":\"https:\/\/chinago.pl\/shop\/#\/schema\/logo\/image\/\",\"url\":\"https:\/\/chinago.pl\/shop\/wp-content\/uploads\/2024\/11\/logoshop.svg\",\"contentUrl\":\"https:\/\/chinago.pl\/shop\/wp-content\/uploads\/2024\/11\/logoshop.svg\",\"width\":310,\"height\":54,\"caption\":\"ChinaGo \u2013 sklep internetowy z us\u0142ugami importu z Chin\"},\"image\":{\"@id\":\"https:\/\/chinago.pl\/shop\/#\/schema\/logo\/image\/\"}}]}<\/script>\n<!-- \/ Yoast SEO plugin. -->","yoast_head_json":{"title":"Audyt chi\u0144skiej firmy - ChinaGo \u2013 sklep internetowy z us\u0142ugami importu z Chin","description":"Audyt chi\u0144skiego dostawcy od 1300 z\u0142 netto. Zmniejsz ryzyko wsp\u00f3\u0142pracy i zyskaj pewno\u015b\u0107 jako\u015bci produkt\u00f3w bez podr\u00f3\u017cy do Chin. Szczeg\u00f3\u0142owy raport z dokumentacj\u0105 wizualn\u0105!","robots":{"index":"index","follow":"follow","max-snippet":"max-snippet:-1","max-image-preview":"max-image-preview:large","max-video-preview":"max-video-preview:-1"},"canonical":"https:\/\/chinago.pl\/shop\/produkt\/audyt-chinskiej-firmy\/","og_locale":"pl_PL","og_type":"article","og_title":"Audyt chi\u0144skiej firmy - ChinaGo \u2013 sklep internetowy z us\u0142ugami importu z Chin","og_description":"Audyt chi\u0144skiego dostawcy od 1300 z\u0142 netto. Zmniejsz ryzyko wsp\u00f3\u0142pracy i zyskaj pewno\u015b\u0107 jako\u015bci produkt\u00f3w bez podr\u00f3\u017cy do Chin. Szczeg\u00f3\u0142owy raport z dokumentacj\u0105 wizualn\u0105!","og_url":"https:\/\/chinago.pl\/shop\/produkt\/audyt-chinskiej-firmy\/","og_site_name":"ChinaGo \u2013 sklep internetowy z us\u0142ugami importu z Chin","article_modified_time":"2026-03-07T16:20:05+00:00","og_image":[{"width":800,"height":800,"url":"https:\/\/chinago.pl\/shop\/wp-content\/uploads\/2024\/11\/Rectangle-262.jpg","type":"image\/jpeg"}],"twitter_card":"summary_large_image","twitter_misc":{"Szacowany czas czytania":"1 minuta"},"schema":{"@context":"https:\/\/schema.org","@graph":[{"@type":"WebPage","@id":"https:\/\/chinago.pl\/shop\/produkt\/audyt-chinskiej-firmy\/","url":"https:\/\/chinago.pl\/shop\/produkt\/audyt-chinskiej-firmy\/","name":"Audyt chi\u0144skiej firmy - ChinaGo \u2013 sklep internetowy z us\u0142ugami importu z Chin","isPartOf":{"@id":"https:\/\/chinago.pl\/shop\/#website"},"primaryImageOfPage":{"@id":"https:\/\/chinago.pl\/shop\/produkt\/audyt-chinskiej-firmy\/#primaryimage"},"image":{"@id":"https:\/\/chinago.pl\/shop\/produkt\/audyt-chinskiej-firmy\/#primaryimage"},"thumbnailUrl":"https:\/\/chinago.pl\/shop\/wp-content\/uploads\/2024\/11\/Rectangle-262.jpg","datePublished":"2024-11-14T19:29:14+00:00","dateModified":"2026-03-07T16:20:05+00:00","description":"Audyt chi\u0144skiego dostawcy od 1300 z\u0142 netto. Zmniejsz ryzyko wsp\u00f3\u0142pracy i zyskaj pewno\u015b\u0107 jako\u015bci produkt\u00f3w bez podr\u00f3\u017cy do Chin. Szczeg\u00f3\u0142owy raport z dokumentacj\u0105 wizualn\u0105!","breadcrumb":{"@id":"https:\/\/chinago.pl\/shop\/produkt\/audyt-chinskiej-firmy\/#breadcrumb"},"inLanguage":"pl-PL","potentialAction":[{"@type":"ReadAction","target":["https:\/\/chinago.pl\/shop\/produkt\/audyt-chinskiej-firmy\/"]}]},{"@type":"ImageObject","inLanguage":"pl-PL","@id":"https:\/\/chinago.pl\/shop\/produkt\/audyt-chinskiej-firmy\/#primaryimage","url":"https:\/\/chinago.pl\/shop\/wp-content\/uploads\/2024\/11\/Rectangle-262.jpg","contentUrl":"https:\/\/chinago.pl\/shop\/wp-content\/uploads\/2024\/11\/Rectangle-262.jpg","width":800,"height":800},{"@type":"BreadcrumbList","@id":"https:\/\/chinago.pl\/shop\/produkt\/audyt-chinskiej-firmy\/#breadcrumb","itemListElement":[{"@type":"ListItem","position":1,"name":"Strona g\u0142\u00f3wna","item":"https:\/\/chinago.pl\/shop\/"},{"@type":"ListItem","position":2,"name":"Home","item":"https:\/\/chinago.pl\/shop\/"},{"@type":"ListItem","position":3,"name":"Audyt chi\u0144skiej firmy"}]},{"@type":"WebSite","@id":"https:\/\/chinago.pl\/shop\/#website","url":"https:\/\/chinago.pl\/shop\/","name":"ChinaGo \u2013 sklep internetowy z us\u0142ugami importu z Chin","description":"Bezpo\u015bredni importer z Chin!","publisher":{"@id":"https:\/\/chinago.pl\/shop\/#organization"},"potentialAction":[{"@type":"SearchAction","target":{"@type":"EntryPoint","urlTemplate":"https:\/\/chinago.pl\/shop\/?s={search_term_string}"},"query-input":{"@type":"PropertyValueSpecification","valueRequired":true,"valueName":"search_term_string"}}],"inLanguage":"pl-PL"},{"@type":"Organization","@id":"https:\/\/chinago.pl\/shop\/#organization","name":"ChinaGo \u2013 sklep internetowy z us\u0142ugami importu z Chin","url":"https:\/\/chinago.pl\/shop\/","logo":{"@type":"ImageObject","inLanguage":"pl-PL","@id":"https:\/\/chinago.pl\/shop\/#\/schema\/logo\/image\/","url":"https:\/\/chinago.pl\/shop\/wp-content\/uploads\/2024\/11\/logoshop.svg","contentUrl":"https:\/\/chinago.pl\/shop\/wp-content\/uploads\/2024\/11\/logoshop.svg","width":310,"height":54,"caption":"ChinaGo \u2013 sklep internetowy z us\u0142ugami importu z Chin"},"image":{"@id":"https:\/\/chinago.pl\/shop\/#\/schema\/logo\/image\/"}}]}},"_links":{"self":[{"href":"https:\/\/chinago.pl\/shop\/wp-json\/wp\/v2\/product\/156","targetHints":{"allow":["GET"]}}],"collection":[{"href":"https:\/\/chinago.pl\/shop\/wp-json\/wp\/v2\/product"}],"about":[{"href":"https:\/\/chinago.pl\/shop\/wp-json\/wp\/v2\/types\/product"}],"wp:featuredmedia":[{"embeddable":true,"href":"https:\/\/chinago.pl\/shop\/wp-json\/wp\/v2\/media\/139"}],"wp:attachment":[{"href":"https:\/\/chinago.pl\/shop\/wp-json\/wp\/v2\/media?parent=156"}],"wp:term":[{"taxonomy":"product_cat","embeddable":true,"href":"https:\/\/chinago.pl\/shop\/wp-json\/wp\/v2\/product_cat?post=156"},{"taxonomy":"product_tag","embeddable":true,"href":"https:\/\/chinago.pl\/shop\/wp-json\/wp\/v2\/product_tag?post=156"}],"curies":[{"name":"wp","href":"https:\/\/api.w.org\/{rel}","templated":true}]}}